{"id":110,"date":"2019-11-26T12:22:54","date_gmt":"2019-11-26T12:22:54","guid":{"rendered":"https:\/\/demosites.io\/blogger-gb\/?page_id=5"},"modified":"2025-12-23T18:24:08","modified_gmt":"2025-12-23T16:24:08","slug":"582c1-blogger-gb-home","status":"publish","type":"page","link":"https:\/\/hdok.hlz.hr\/","title":{"rendered":""},"content":{"rendered":"\n<div id=\"wp-block-themeisle-blocks-advanced-columns-e5e06ebd\" class=\"wp-block-themeisle-blocks-advanced-columns has-2-columns has-desktop-equal-layout has-tablet-equal-layout has-mobile-twoOne-layout has-vertical-unset\"><div class=\"wp-block-themeisle-blocks-advanced-columns-overlay\"><\/div><div class=\"innerblocks-wrap\">\n<div id=\"wp-block-themeisle-blocks-advanced-column-faefdc1c\" class=\"wp-block-themeisle-blocks-advanced-column ticss-262bb66b\"><div class=\"wp-block-image is-style-rounded\">\n<figure class=\"aligncenter size-full is-resized\"><img loading=\"lazy\" decoding=\"async\" width=\"228\" height=\"219\" src=\"https:\/\/hdok.hlz.hr\/wp-content\/uploads\/2022\/09\/cropped-logo2.jpg\" alt=\"\" class=\"wp-image-15\" style=\"width:103px;height:99px\"\/><figcaption class=\"wp-element-caption\">Utemeljeno 1975. godine<\/figcaption><\/figure>\n<\/div><\/div>\n\n\n\n<div id=\"wp-block-themeisle-blocks-advanced-column-101a17aa\" class=\"wp-block-themeisle-blocks-advanced-column\">\n<p id=\"wp-block-themeisle-blocks-advanced-heading-cb8c227d\" class=\"wp-block-themeisle-blocks-advanced-heading wp-block-themeisle-blocks-advanced-heading-cb8c227d\"><strong>hrvatski lije\u010dni\u010dki zbor<\/strong><\/p>\n\n\n\n<h1 class=\"wp-block-heading has-text-align-left ticss-323b0dc0\" style=\"font-size:54px\">Hrvatsko dru\u0161tvo za oralnu kirurgiju<\/h1>\n<\/div>\n<\/div><\/div>\n\n\n\n<div id=\"wp-block-themeisle-blocks-advanced-columns-b320f813\" class=\"wp-block-themeisle-blocks-advanced-columns has-3-columns has-desktop-equal-layout has-tablet-equal-layout has-mobile-collapsedRows-layout has-vertical-unset\"><div class=\"wp-block-themeisle-blocks-advanced-columns-overlay\"><\/div><div class=\"innerblocks-wrap\">\n<div id=\"wp-block-themeisle-blocks-advanced-column-42182f0d\" class=\"wp-block-themeisle-blocks-advanced-column\">\n<h3 class=\"wp-block-heading\">U\u010dlanite se!<\/h3>\n\n\n\n<p>Za \u010dlanstvo u Hrvatskom dru\u0161tvu za oralnu kirurgiju potrebno je ispuniti pristupnicu<\/p>\n\n\n\n<p id=\"wp-block-themeisle-blocks-advanced-heading-852c591d\" class=\"wp-block-themeisle-blocks-advanced-heading wp-block-themeisle-blocks-advanced-heading-852c591d\"><strong><a href=\"https:\/\/hdok.hlz.hr\/wp-content\/uploads\/2022\/09\/pristupnica.pdf\" data-type=\"URL\" data-id=\"https:\/\/hdok.hlz.hr\/wp-content\/uploads\/2022\/09\/pristupnica.pdf\" target=\"_blank\" rel=\"noreferrer noopener\">\u017delim postati \u010dlan<\/a><\/strong><\/p>\n<\/div>\n\n\n\n<div id=\"wp-block-themeisle-blocks-advanced-column-cd359245\" class=\"wp-block-themeisle-blocks-advanced-column\">\n<h3 class=\"wp-block-heading\">Sudjelujte<\/h3>\n\n\n\n<p>Pratite popis skupova i te\u010dajeva u organizaciji Hrvatskog dru\u0161tva za oralnu kirurgiju<\/p>\n\n\n\n<p id=\"wp-block-themeisle-blocks-advanced-heading-98c8b9c2\" class=\"wp-block-themeisle-blocks-advanced-heading wp-block-themeisle-blocks-advanced-heading-98c8b9c2\"><strong><a href=\"https:\/\/kongresmfk-oralna.conventuscredo.hr\/\" data-type=\"URL\" data-id=\"https:\/\/kongresmfk-oralna.conventuscredo.hr\/\" target=\"_blank\" rel=\"noreferrer noopener\">Skupovi i te\u010dajevi<\/a><\/strong><\/p>\n<\/div>\n\n\n\n<div id=\"wp-block-themeisle-blocks-advanced-column-9a9f49aa\" class=\"wp-block-themeisle-blocks-advanced-column\">\n<h3 class=\"wp-block-heading\">O nama<\/h3>\n\n\n\n<p>Saznajte vi\u0161e o povijesti djelovanja  i ustroju Dru\u0161tva, uz korisne poveznice i kontakte <\/p>\n\n\n\n<p id=\"wp-block-themeisle-blocks-advanced-heading-a687c894\" class=\"wp-block-themeisle-blocks-advanced-heading wp-block-themeisle-blocks-advanced-heading-a687c894\"><strong><a href=\"https:\/\/youtu.be\/LgYSh9LUki4?si=Gfy9OnsXkZpPKCEG\">o dru\u0161tvu<\/a><\/strong><\/p>\n<\/div>\n<\/div><\/div>\n\n\n\n<div class=\"wp-block-media-text alignwide has-media-on-the-right is-stacked-on-mobile is-vertically-aligned-bottom\" style=\"grid-template-columns:auto 15%\"><div class=\"wp-block-media-text__content\">\n<p><\/p>\n\n\n\n<p class=\"has-text-align-center\"><strong>Nakon uspje\u0161ne godine obilje\u017eavanja &#8220;zlatnog jubileja&#8221; Hrvatskog dru\u0161tva za oralnu kirurgiju u Osijeku, izra\u017eavaju\u0107i zahvalnost svim \u010dlanovima Dru\u0161tva i simpatizerima, \u017eelimo mirne i radosne Blagdane i svako dobro u 2026. godini.<\/strong><\/p>\n\n\n\n<p class=\"has-text-align-right\"><em>Predsjednica HDOK Prof.dr.sc. Irina Filipovi\u0107 Zore<\/em><\/p>\n<\/div><figure class=\"wp-block-media-text__media\"><img loading=\"lazy\" decoding=\"async\" width=\"683\" height=\"1024\" src=\"https:\/\/hdok.hlz.hr\/wp-content\/uploads\/2025\/12\/2026-1-683x1024.png\" alt=\"\" class=\"wp-image-282 size-full\" srcset=\"https:\/\/hdok.hlz.hr\/wp-content\/uploads\/2025\/12\/2026-1-683x1024.png 683w, https:\/\/hdok.hlz.hr\/wp-content\/uploads\/2025\/12\/2026-1-200x300.png 200w, https:\/\/hdok.hlz.hr\/wp-content\/uploads\/2025\/12\/2026-1-768x1152.png 768w, https:\/\/hdok.hlz.hr\/wp-content\/uploads\/2025\/12\/2026-1.png 1024w\" sizes=\"auto, (max-width: 683px) 100vw, 683px\" \/><\/figure><\/div>\n\n\n\n<div class=\"wp-block-media-text is-stacked-on-mobile\"><figure class=\"wp-block-media-text__media\"><\/figure><div class=\"wp-block-media-text__content\">\n<p><\/p>\n<\/div><\/div>\n\n\n\n<div id=\"wp-block-themeisle-blocks-slider-dd3987ea\" class=\"wp-block-themeisle-blocks-slider glide\" data-per-view=\"1\" data-gap=\"0\" data-peek=\"0\" data-autoplay=\"true\" data-height=\"400px\" data-hide-arrows=\"false\"><div class=\"glide__track\" data-glide-el=\"track\"><div class=\"glide__slides\"><div class=\"wp-block-themeisle-blocks-slider-item-wrapper glide__slide\" tabindex=\"0\"><figure><img decoding=\"async\" class=\"wp-block-themeisle-blocks-slider-item\" src=\"https:\/\/hdok.hlz.hr\/wp-content\/uploads\/2025\/12\/a.jpg\" alt=\"\" title=\"\" data-id=\"268\"\/><\/figure><\/div><div class=\"wp-block-themeisle-blocks-slider-item-wrapper glide__slide\" tabindex=\"0\"><figure><img decoding=\"async\" class=\"wp-block-themeisle-blocks-slider-item\" src=\"https:\/\/hdok.hlz.hr\/wp-content\/uploads\/2025\/12\/b.jpg\" alt=\"\" title=\"\" data-id=\"270\"\/><\/figure><\/div><div class=\"wp-block-themeisle-blocks-slider-item-wrapper glide__slide\" tabindex=\"0\"><figure><img decoding=\"async\" class=\"wp-block-themeisle-blocks-slider-item\" src=\"https:\/\/hdok.hlz.hr\/wp-content\/uploads\/2025\/12\/c.jpg\" alt=\"\" title=\"\" data-id=\"269\"\/><\/figure><\/div><div class=\"wp-block-themeisle-blocks-slider-item-wrapper glide__slide\" tabindex=\"0\"><figure><img decoding=\"async\" class=\"wp-block-themeisle-blocks-slider-item\" src=\"https:\/\/hdok.hlz.hr\/wp-content\/uploads\/2025\/12\/d.jpg\" alt=\"\" title=\"\" data-id=\"266\"\/><\/figure><\/div><div class=\"wp-block-themeisle-blocks-slider-item-wrapper glide__slide\" tabindex=\"0\"><figure><img decoding=\"async\" class=\"wp-block-themeisle-blocks-slider-item\" src=\"https:\/\/hdok.hlz.hr\/wp-content\/uploads\/2025\/12\/e.jpg\" alt=\"\" title=\"\" data-id=\"267\"\/><\/figure><\/div><div class=\"wp-block-themeisle-blocks-slider-item-wrapper glide__slide\" tabindex=\"0\"><figure><img decoding=\"async\" class=\"wp-block-themeisle-blocks-slider-item\" src=\"https:\/\/hdok.hlz.hr\/wp-content\/uploads\/2025\/12\/f.jpg\" alt=\"\" title=\"\" data-id=\"274\"\/><\/figure><\/div><div class=\"wp-block-themeisle-blocks-slider-item-wrapper glide__slide\" tabindex=\"0\"><figure><img decoding=\"async\" class=\"wp-block-themeisle-blocks-slider-item\" src=\"https:\/\/hdok.hlz.hr\/wp-content\/uploads\/2025\/12\/g.jpg\" alt=\"\" title=\"\" data-id=\"275\"\/><\/figure><\/div><div class=\"wp-block-themeisle-blocks-slider-item-wrapper glide__slide\" tabindex=\"0\"><figure><img decoding=\"async\" class=\"wp-block-themeisle-blocks-slider-item\" src=\"https:\/\/hdok.hlz.hr\/wp-content\/uploads\/2025\/12\/h.jpg\" alt=\"\" title=\"\" data-id=\"272\"\/><\/figure><\/div><div class=\"wp-block-themeisle-blocks-slider-item-wrapper glide__slide\" tabindex=\"0\"><figure><img decoding=\"async\" class=\"wp-block-themeisle-blocks-slider-item\" src=\"https:\/\/hdok.hlz.hr\/wp-content\/uploads\/2025\/12\/i.jpg\" alt=\"\" title=\"\" data-id=\"271\"\/><\/figure><\/div><\/div><div class=\"glide__bullets\" data-glide-el=\"controls[nav]\"><button class=\"glide__bullet\" data-glide-dir=\"=0\"><\/button><button class=\"glide__bullet\" data-glide-dir=\"=1\"><\/button><button class=\"glide__bullet\" data-glide-dir=\"=2\"><\/button><button class=\"glide__bullet\" data-glide-dir=\"=3\"><\/button><button class=\"glide__bullet\" data-glide-dir=\"=4\"><\/button><button class=\"glide__bullet\" data-glide-dir=\"=5\"><\/button><button class=\"glide__bullet\" data-glide-dir=\"=6\"><\/button><button class=\"glide__bullet\" data-glide-dir=\"=7\"><\/button><button class=\"glide__bullet\" data-glide-dir=\"=8\"><\/button><\/div><\/div><\/div>\n\n\n\n<figure class=\"wp-block-pullquote has-text-align-center ticss-f727bf91\" style=\"border-style:solid;border-radius:0px\"><blockquote><p><strong>Dragi na\u0161i kolege oralni kirurzi,<br><br><\/strong>u <strong>Osijeku<\/strong> je proslavljen zna\u010dajan i <strong>veliki jubilej Hrvatskog dru\u0161tva za oralnu kirurgiju<\/strong> za 50. godi\u0161njicu Dru\u0161tva.<br><br><a href=\"https:\/\/www.hlz.hr\/kongres-sa-medunarodnim-sudjelovanjem-koji-je-okupio-sest-strucnih-drustava\/\" data-type=\"link\" data-id=\"https:\/\/www.hlz.hr\/kongres-sa-medunarodnim-sudjelovanjem-koji-je-okupio-sest-strucnih-drustava\/\"><strong>OBJAVA HLZ-a O ODR\u017dANOM KONGRESU<\/strong><\/a><br><br>Sa\u017eeci \u0107e biti dostupni online u ASCRO 59(4).<\/p><\/blockquote><\/figure>\n\n\n\n<figure class=\"wp-block-embed is-type-video is-provider-youtube wp-block-embed-youtube wp-embed-aspect-16-9 wp-has-aspect-ratio\"><div class=\"wp-block-embed__wrapper\">\n<div class=\"nv-iframe-embed\"><iframe loading=\"lazy\" title=\"20251024   Osijek\" width=\"1200\" height=\"675\" src=\"https:\/\/www.youtube.com\/embed\/LgYSh9LUki4?feature=oembed\" frameborder=\"0\" allow=\"accelerometer; autoplay; clipboard-write; encrypted-media; gyroscope; picture-in-picture; web-share\" referrerpolicy=\"strict-origin-when-cross-origin\" allowfullscreen><\/iframe><\/div>\n<\/div><\/figure>\n\n\n\n<p><\/p>\n\n\n\n<figure class=\"wp-block-pullquote ticss-f727bf91\" style=\"border-style:solid;border-radius:0px\"><blockquote><p>Potvrdite svoje aktivno \u010dlanstvo u Dru\u0161tvu uplatama \u010dlanarine<\/p><cite>Hrvatski lije\u010dni\u010dki zbor, IBAN: <strong>HR7423600001101214818<\/strong> s pozivom na broj <strong>268-208<\/strong> u iznosu od: <br>20 EUR godi\u0161nje za specijaliste<br>10 EUR za specijalizante i umirovljene<br><br>Napomena: Potrebno je <a href=\"https:\/\/www.hlz.hr\/clanstvo-i-clanarina\/\"><strong>aktivno \u010dlanstvo u Hrvatskom lije\u010dni\u010dkom zboru<\/strong><\/a><\/cite><\/blockquote><\/figure>\n\n\n\n<div class=\"wp-block-media-text is-stacked-on-mobile\" style=\"grid-template-columns:15% auto\"><figure class=\"wp-block-media-text__media\"><img loading=\"lazy\" decoding=\"async\" width=\"426\" height=\"426\" src=\"https:\/\/hdok.hlz.hr\/wp-content\/uploads\/2025\/03\/clanoviqr.png\" alt=\"\" class=\"wp-image-212 size-full\" srcset=\"https:\/\/hdok.hlz.hr\/wp-content\/uploads\/2025\/03\/clanoviqr.png 426w, https:\/\/hdok.hlz.hr\/wp-content\/uploads\/2025\/03\/clanoviqr-300x300.png 300w, https:\/\/hdok.hlz.hr\/wp-content\/uploads\/2025\/03\/clanoviqr-150x150.png 150w\" sizes=\"auto, (max-width: 426px) 100vw, 426px\" \/><\/figure><div class=\"wp-block-media-text__content\">\n<p>QR kod za uplatu \u010dlanstva za <strong>specijaliste<\/strong> &#8211; direktno skenirati iz aplikacije za pla\u0107anje<\/p>\n\n\n\n<p>Obavezno navesti ime i prezime osobe za koju se pla\u0107a \u010dlanarina<\/p>\n<\/div><\/div>\n\n\n\n<p><\/p>\n\n\n\n<div class=\"wp-block-media-text is-stacked-on-mobile\" style=\"grid-template-columns:15% auto\"><figure class=\"wp-block-media-text__media\"><img loading=\"lazy\" decoding=\"async\" width=\"424\" height=\"424\" src=\"https:\/\/hdok.hlz.hr\/wp-content\/uploads\/2025\/03\/specumqr.png\" alt=\"\" class=\"wp-image-213 size-full\" srcset=\"https:\/\/hdok.hlz.hr\/wp-content\/uploads\/2025\/03\/specumqr.png 424w, https:\/\/hdok.hlz.hr\/wp-content\/uploads\/2025\/03\/specumqr-300x300.png 300w, https:\/\/hdok.hlz.hr\/wp-content\/uploads\/2025\/03\/specumqr-150x150.png 150w\" sizes=\"auto, (max-width: 424px) 100vw, 424px\" \/><\/figure><div class=\"wp-block-media-text__content\">\n<p>QR kod za za <strong>specijalizante i umirovljene<\/strong> &#8211; direktno skenirati iz aplikacije za pla\u0107anje<\/p>\n\n\n\n<p>Obavezno navesti ime i prezime osobe za koju se pla\u0107a \u010dlanarina<\/p>\n<\/div><\/div>\n\n\n\n<p><\/p>\n\n\n\n<div id=\"wp-block-themeisle-blocks-advanced-columns-5a83b79b\" class=\"wp-block-themeisle-blocks-advanced-columns alignfull has-2-columns has-desktop-equal-layout has-tablet-equal-layout has-mobile-collapsedRows-layout has-vertical-center has-dark-bg\"><div class=\"wp-block-themeisle-blocks-advanced-columns-overlay\"><\/div><div class=\"innerblocks-wrap\">\n<div id=\"wp-block-themeisle-blocks-advanced-column-02495679\" class=\"wp-block-themeisle-blocks-advanced-column ticss-48ef8f35\">\n<p id=\"wp-block-themeisle-blocks-advanced-heading-a67260d8\" class=\"wp-block-themeisle-blocks-advanced-heading wp-block-themeisle-blocks-advanced-heading-a67260d8\"><strong>Skupovi i te\u010dajevi<\/strong><\/p>\n\n\n\n<h2 class=\"wp-block-heading has-nv-text-dark-bg-color has-text-color\">Simpozij Dru\u0161tva 50. obljetnica<\/h2>\n\n\n\n<p class=\"has-nv-text-dark-bg-color has-text-color\"><strong>24. &#8211; 25. listopada 2025.<\/strong><\/p>\n\n\n\n<p class=\"has-nv-text-dark-bg-color has-text-color\">Dvorana Franjo Kre\u017ema \/ Osijek<\/p>\n\n\n\n<p class=\"has-nv-text-dark-bg-color has-text-color\">Po\u0161tovane kolegice i kolege, dragi prijatelji,<\/p>\n\n\n\n<p>s velikim zadovoljstvom vas pozivamo na 11. kongres Hrvatskog dru\u0161tva za oralnu kirurgiju i 17. kongres Hrvatskog dru\u0161tva za maksilofacijalnu, plasti\u010dnu i rekonstrukcijsku kirurgiju glave i vrata HLZ-a koji \u0107e se odr\u017eati u Osijeku, 24. i 25. listopada 2025. godine. Sve\u010dano \u0107e se obilje\u017eiti 50. godi\u0161njica na\u0161eg Dru\u0161tva.<\/p>\n\n\n\n<p>Veselimo se va\u0161em dolasku!<\/p>\n\n\n\n<p class=\"has-nv-text-dark-bg-color has-text-color\">Predsjednici Kongresa<br>Ivica Luk\u0161i\u0107 \/ Irina Filipovi\u0107 Zore<\/p>\n\n\n\n<p><strong><a href=\"https:\/\/kongresoralna-mfk2025.conventuscredo.hr\/\"><span class=\"highlight\">POVEZNICA<\/span><\/a><\/strong><\/p>\n\n\n\n<p><\/p>\n\n\n\n<p class=\"has-text-align-right has-nv-text-dark-bg-color has-text-color\"><em>Foto: Tomislav Paveli\u0107<\/em><\/p>\n<\/div>\n\n\n\n<div id=\"wp-block-themeisle-blocks-advanced-column-67e16009\" class=\"wp-block-themeisle-blocks-advanced-column ticss-5418d6a3\"><div class=\"wp-block-image is-style-rounded\">\n<figure class=\"aligncenter size-large\"><a href=\"https:\/\/kongresoralna-mfk2025.conventuscredo.hr\/\"><img loading=\"lazy\" decoding=\"async\" width=\"1024\" height=\"576\" src=\"https:\/\/hdok.hlz.hr\/wp-content\/uploads\/2025\/03\/unnamed-1024x576.jpg\" alt=\"\" class=\"wp-image-221\" srcset=\"https:\/\/hdok.hlz.hr\/wp-content\/uploads\/2025\/03\/unnamed-1024x576.jpg 1024w, https:\/\/hdok.hlz.hr\/wp-content\/uploads\/2025\/03\/unnamed-300x169.jpg 300w, https:\/\/hdok.hlz.hr\/wp-content\/uploads\/2025\/03\/unnamed-768x432.jpg 768w, https:\/\/hdok.hlz.hr\/wp-content\/uploads\/2025\/03\/unnamed-1536x864.jpg 1536w, https:\/\/hdok.hlz.hr\/wp-content\/uploads\/2025\/03\/unnamed.jpg 1920w\" sizes=\"auto, (max-width: 1024px) 100vw, 1024px\" \/><\/a><\/figure>\n<\/div>\n\n\n<p><\/p>\n\n\n<div class=\"wp-block-image is-style-rounded\">\n<figure class=\"aligncenter size-full\"><a href=\"https:\/\/kongresoralna-mfk2025.conventuscredo.hr\/\"><img loading=\"lazy\" decoding=\"async\" width=\"900\" height=\"457\" src=\"https:\/\/hdok.hlz.hr\/wp-content\/uploads\/2025\/03\/2014_01_09_most_tomislav_pavelic_4_031.jpg\" alt=\"\" class=\"wp-image-216\" style=\"aspect-ratio:1.5\" srcset=\"https:\/\/hdok.hlz.hr\/wp-content\/uploads\/2025\/03\/2014_01_09_most_tomislav_pavelic_4_031.jpg 900w, https:\/\/hdok.hlz.hr\/wp-content\/uploads\/2025\/03\/2014_01_09_most_tomislav_pavelic_4_031-300x152.jpg 300w, https:\/\/hdok.hlz.hr\/wp-content\/uploads\/2025\/03\/2014_01_09_most_tomislav_pavelic_4_031-768x390.jpg 768w\" sizes=\"auto, (max-width: 900px) 100vw, 900px\" \/><\/a><\/figure>\n<\/div><\/div>\n<\/div><\/div>\n\n\n\n<h3 class=\"wp-block-heading has-text-align-center\"><a href=\"https:\/\/kongresoralna-mfk2025.conventuscredo.hr\/\">PROGRAM<\/a><\/h3>\n\n\n\n<div id=\"wp-block-themeisle-blocks-countdown-7bcb01b7\" data-date=\"2025-10-24T10:00:00\" class=\"wp-block-themeisle-blocks-countdown ticss-7bcb01b7\"><div class=\"otter-countdown__container\"><div class=\"otter-countdown__display\"><div name=\"day\" class=\"otter-countdown__display-area is-main-component\"><div class=\"otter-countdown__value\">0<\/div><div class=\"otter-countdown__label\">Day<\/div><\/div><div name=\"hour\" class=\"otter-countdown__display-area is-main-component\"><div class=\"otter-countdown__value\">0<\/div><div class=\"otter-countdown__label\">Hour<\/div><\/div><div name=\"minute\" class=\"otter-countdown__display-area is-main-component\"><div class=\"otter-countdown__value\">0<\/div><div class=\"otter-countdown__label\">Minute<\/div><\/div><div name=\"second\" class=\"otter-countdown__display-area is-main-component\"><div class=\"otter-countdown__value\">0<\/div><div class=\"otter-countdown__label\">Second<\/div><\/div><\/div><\/div><\/div>\n\n\n\n<p><\/p>\n","protected":false},"excerpt":{"rendered":"<p>Nakon uspje\u0161ne godine obilje\u017eavanja &#8220;zlatnog jubileja&#8221; Hrvatskog dru\u0161tva za oralnu kirurgiju u Osijeku, izra\u017eavaju\u0107i zahvalnost svim \u010dlanovima Dru\u0161tva i simpatizerima, \u017eelimo mirne i radosne Blagdane i svako dobro u 2026. godini. Predsjednica HDOK Prof.dr.sc. Irina Filipovi\u0107 Zore Dragi na\u0161i kolege oralni kirurzi, u Osijeku je proslavljen zna\u010dajan i veliki jubilej Hrvatskog dru\u0161tva za oralnu kirurgiju&hellip;&nbsp;<a href=\"https:\/\/hdok.hlz.hr\/\" rel=\"bookmark\">Read More &raquo;<span class=\"screen-reader-text\"><\/span><\/a><\/p>\n","protected":false},"author":1,"featured_media":0,"parent":0,"menu_order":0,"comment_status":"closed","ping_status":"closed","template":"page-templates\/template-pagebuilder-full-width.php","meta":{"neve_meta_sidebar":"full-width","neve_meta_container":"","neve_meta_enable_content_width":"on","neve_meta_content_width":100,"neve_meta_title_alignment":"","neve_meta_author_avatar":"","neve_post_elements_order":"","neve_meta_disable_header":"on","neve_meta_disable_footer":"on","neve_meta_disable_title":"on","_themeisle_gutenberg_block_has_review":false,"footnotes":""},"class_list":["post-110","page","type-page","status-publish","hentry"],"_links":{"self":[{"href":"https:\/\/hdok.hlz.hr\/index.php\/wp-json\/wp\/v2\/pages\/110","targetHints":{"allow":["GET"]}}],"collection":[{"href":"https:\/\/hdok.hlz.hr\/index.php\/wp-json\/wp\/v2\/pages"}],"about":[{"href":"https:\/\/hdok.hlz.hr\/index.php\/wp-json\/wp\/v2\/types\/page"}],"author":[{"embeddable":true,"href":"https:\/\/hdok.hlz.hr\/index.php\/wp-json\/wp\/v2\/users\/1"}],"replies":[{"embeddable":true,"href":"https:\/\/hdok.hlz.hr\/index.php\/wp-json\/wp\/v2\/comments?post=110"}],"version-history":[{"count":70,"href":"https:\/\/hdok.hlz.hr\/index.php\/wp-json\/wp\/v2\/pages\/110\/revisions"}],"predecessor-version":[{"id":287,"href":"https:\/\/hdok.hlz.hr\/index.php\/wp-json\/wp\/v2\/pages\/110\/revisions\/287"}],"wp:attachment":[{"href":"https:\/\/hdok.hlz.hr\/index.php\/wp-json\/wp\/v2\/media?parent=110"}],"curies":[{"name":"wp","href":"https:\/\/api.w.org\/{rel}","templated":true}]}}